{"id":14452,"date":"2021-03-30T10:06:02","date_gmt":"2021-03-30T16:06:02","guid":{"rendered":"https:\/\/dermahealth.mx\/contacto\/"},"modified":"2023-05-03T23:57:53","modified_gmt":"2023-05-04T05:57:53","slug":"contact","status":"publish","type":"page","link":"https:\/\/dermahealth.mx\/en\/contact\/","title":{"rendered":"Contact"},"content":{"rendered":"\t\t<div data-elementor-type=\"wp-page\" data-elementor-id=\"14452\" class=\"elementor elementor-14452 elementor-483\" data-elementor-post-type=\"page\">\n\t\t\t\t\t\t<section class=\"elementor-section elementor-top-section elementor-element elementor-element-b748679 elementor-section-stretched elementor-section-content-middle elementor-section-boxed elementor-section-height-default elementor-section-height-default\" data-id=\"b748679\" data-element_type=\"section\" data-settings=\"{&quot;stretch_section&quot;:&quot;section-stretched&quot;,&quot;background_background&quot;:&quot;classic&quot;,&quot;ekit_has_onepagescroll_dot&quot;:&quot;yes&quot;}\">\n\t\t\t\t\t\t\t<div class=\"elementor-background-overlay\"><\/div>\n\t\t\t\t\t\t\t<div class=\"elementor-container elementor-column-gap-default\">\n\t\t\t\t\t<div class=\"elementor-column elementor-col-100 elementor-top-column elementor-element elementor-element-9f4330b\" data-id=\"9f4330b\" data-element_type=\"column\">\n\t\t\t<div class=\"elementor-widget-wrap elementor-element-populated\">\n\t\t\t\t\t\t<div class=\"elementor-element elementor-element-5d8803ea elementor-widget elementor-widget-heading\" data-id=\"5d8803ea\" data-element_type=\"widget\" data-settings=\"{&quot;ekit_we_effect_on&quot;:&quot;none&quot;}\" data-widget_type=\"heading.default\">\n\t\t\t\t<div class=\"elementor-widget-container\">\n\t\t\t\t\t<h1 class=\"elementor-heading-title elementor-size-default\">Contact<\/h1>\t\t\t\t<\/div>\n\t\t\t\t<\/div>\n\t\t\t\t\t<\/div>\n\t\t<\/div>\n\t\t\t\t\t<\/div>\n\t\t<\/section>\n\t\t\t\t<section class=\"elementor-section elementor-top-section elementor-element elementor-element-71433ac2 elementor-section-content-top elementor-section-stretched elementor-section-boxed elementor-section-height-default elementor-section-height-default\" data-id=\"71433ac2\" data-element_type=\"section\" data-settings=\"{&quot;stretch_section&quot;:&quot;section-stretched&quot;,&quot;background_background&quot;:&quot;classic&quot;,&quot;ekit_has_onepagescroll_dot&quot;:&quot;yes&quot;}\">\n\t\t\t\t\t\t\t<div class=\"elementor-background-overlay\"><\/div>\n\t\t\t\t\t\t\t<div class=\"elementor-container elementor-column-gap-default\">\n\t\t\t\t\t<div class=\"elementor-column elementor-col-50 elementor-top-column elementor-element elementor-element-1a081c18\" data-id=\"1a081c18\" data-element_type=\"column\">\n\t\t\t<div class=\"elementor-widget-wrap elementor-element-populated\">\n\t\t\t\t\t\t<div class=\"elementor-element elementor-element-f904d6d elementor-align-left elementor-tablet-align-center elementor-widget elementor-widget-button\" data-id=\"f904d6d\" data-element_type=\"widget\" data-settings=\"{&quot;ekit_we_effect_on&quot;:&quot;none&quot;}\" data-widget_type=\"button.default\">\n\t\t\t\t<div class=\"elementor-widget-container\">\n\t\t\t\t\t\t\t\t\t<div class=\"elementor-button-wrapper\">\n\t\t\t\t\t<a class=\"elementor-button elementor-button-link elementor-size-sm\" href=\"#\">\n\t\t\t\t\t\t<span class=\"elementor-button-content-wrapper\">\n\t\t\t\t\t\t\t\t\t<span class=\"elementor-button-text\">CONTACT US<\/span>\n\t\t\t\t\t<\/span>\n\t\t\t\t\t<\/a>\n\t\t\t\t<\/div>\n\t\t\t\t\t\t\t\t<\/div>\n\t\t\t\t<\/div>\n\t\t\t\t<div class=\"elementor-element elementor-element-2e36ef1 elementor-widget elementor-widget-heading\" data-id=\"2e36ef1\" data-element_type=\"widget\" data-settings=\"{&quot;ekit_we_effect_on&quot;:&quot;none&quot;}\" data-widget_type=\"heading.default\">\n\t\t\t\t<div class=\"elementor-widget-container\">\n\t\t\t\t\t<h2 class=\"elementor-heading-title elementor-size-default\">Phones<\/h2>\t\t\t\t<\/div>\n\t\t\t\t<\/div>\n\t\t\t\t<div class=\"elementor-element elementor-element-8f803b6 elementor-icon-list--layout-traditional elementor-list-item-link-full_width elementor-widget elementor-widget-icon-list\" data-id=\"8f803b6\" data-element_type=\"widget\" data-settings=\"{&quot;ekit_we_effect_on&quot;:&quot;none&quot;}\" data-widget_type=\"icon-list.default\">\n\t\t\t\t<div class=\"elementor-widget-container\">\n\t\t\t\t\t\t\t<ul class=\"elementor-icon-list-items\">\n\t\t\t\t\t\t\t<li class=\"elementor-icon-list-item\">\n\t\t\t\t\t\t\t\t\t\t\t<span class=\"elementor-icon-list-icon\">\n\t\t\t\t\t\t\t<i aria-hidden=\"true\" class=\"fas fa-phone-alt\"><\/i>\t\t\t\t\t\t<\/span>\n\t\t\t\t\t\t\t\t\t\t<span class=\"elementor-icon-list-text\">(322) 222 2517<\/span>\n\t\t\t\t\t\t\t\t\t<\/li>\n\t\t\t\t\t\t\t\t<li class=\"elementor-icon-list-item\">\n\t\t\t\t\t\t\t\t\t\t\t<span class=\"elementor-icon-list-icon\">\n\t\t\t\t\t\t\t<i aria-hidden=\"true\" class=\"fas fa-phone-alt\"><\/i>\t\t\t\t\t\t<\/span>\n\t\t\t\t\t\t\t\t\t\t<span class=\"elementor-icon-list-text\">(322) 225 8205<\/span>\n\t\t\t\t\t\t\t\t\t<\/li>\n\t\t\t\t\t\t<\/ul>\n\t\t\t\t\t\t<\/div>\n\t\t\t\t<\/div>\n\t\t\t\t\t<\/div>\n\t\t<\/div>\n\t\t\t\t<div class=\"elementor-column elementor-col-50 elementor-top-column elementor-element elementor-element-37e476f9\" data-id=\"37e476f9\" data-element_type=\"column\">\n\t\t\t<div class=\"elementor-widget-wrap elementor-element-populated\">\n\t\t\t\t\t\t<div class=\"elementor-element elementor-element-edc1bbf elementor-widget elementor-widget-heading\" data-id=\"edc1bbf\" data-element_type=\"widget\" data-settings=\"{&quot;ekit_we_effect_on&quot;:&quot;none&quot;}\" data-widget_type=\"heading.default\">\n\t\t\t\t<div class=\"elementor-widget-container\">\n\t\t\t\t\t<h2 class=\"elementor-heading-title elementor-size-default\">We will contact you as soon as possible<\/h2>\t\t\t\t<\/div>\n\t\t\t\t<\/div>\n\t\t\t\t<div class=\"elementor-element elementor-element-65bbc309 elementor-widget elementor-widget-cf7\" data-id=\"65bbc309\" data-element_type=\"widget\" data-settings=\"{&quot;ekit_we_effect_on&quot;:&quot;none&quot;}\" data-widget_type=\"cf7.default\">\n\t\t\t\t<div class=\"elementor-widget-container\">\n\t\t\t\t\t\n\t\t<div class=\"nd_elements_cf7_component\">\n\t\t\t\n<div class=\"wpcf7 no-js\" id=\"wpcf7-f335-o1\" lang=\"en-US\" dir=\"ltr\" data-wpcf7-id=\"335\">\n<div class=\"screen-reader-response\"><p role=\"status\" aria-live=\"polite\" aria-atomic=\"true\"><\/p> <ul><\/ul><\/div>\n<form action=\"\/en\/wp-json\/wp\/v2\/pages\/14452#wpcf7-f335-o1\" method=\"post\" class=\"wpcf7-form init\" aria-label=\"Contact form\" novalidate=\"novalidate\" data-status=\"init\">\n<fieldset class=\"hidden-fields-container\"><input type=\"hidden\" name=\"_wpcf7\" value=\"335\" \/><input type=\"hidden\" name=\"_wpcf7_version\" value=\"6.1.3\" \/><input type=\"hidden\" name=\"_wpcf7_locale\" value=\"en_US\" \/><input type=\"hidden\" name=\"_wpcf7_unit_tag\" value=\"wpcf7-f335-o1\" \/><input type=\"hidden\" name=\"_wpcf7_container_post\" value=\"0\" \/><input type=\"hidden\" name=\"_wpcf7_posted_data_hash\" value=\"\" \/>\n<\/fieldset>\n<div class=\"nd_options_width_100_percentage_all_iphone_important\" style=\"float:left; width:50%; padding: 15px; padding-bottom:0px; box-sizing: border-box;\">\n\t<p><span class=\"wpcf7-form-control-wrap\" data-name=\"namee\"><input size=\"40\" maxlength=\"400\" class=\"wpcf7-form-control wpcf7-text wpcf7-validates-as-required\" aria-required=\"true\" aria-invalid=\"false\" placeholder=\"Name\" value=\"\" type=\"text\" name=\"namee\" \/><\/span>\n\t<\/p>\n<\/div>\n<div class=\"nd_options_width_100_percentage_all_iphone_important\" style=\"float:left; width:50%; padding: 15px; box-sizing: border-box;  padding-bottom:0px;\">\n\t<p><span class=\"wpcf7-form-control-wrap\" data-name=\"emaill\"><input size=\"40\" maxlength=\"400\" class=\"wpcf7-form-control wpcf7-email wpcf7-validates-as-required wpcf7-text wpcf7-validates-as-email\" aria-required=\"true\" aria-invalid=\"false\" placeholder=\"Email\" value=\"\" type=\"email\" name=\"emaill\" \/><\/span>\n\t<\/p>\n<\/div>\n<div class=\"nd_options_width_100_percentage_all_iphone_important\" style=\"float:left; width:50%; padding: 15px; box-sizing: border-box;  padding-bottom:0px;\">\n\t<p><span class=\"wpcf7-form-control-wrap\" data-name=\"messagee\"><input size=\"40\" maxlength=\"400\" class=\"wpcf7-form-control wpcf7-text wpcf7-validates-as-required\" aria-required=\"true\" aria-invalid=\"false\" placeholder=\"Message\" value=\"\" type=\"text\" name=\"messagee\" \/><\/span>\n\t<\/p>\n<\/div>\n<div class=\"nd_options_width_100_percentage_all_iphone_important\" style=\"float:left; width:50%; padding: 15px; box-sizing: border-box; padding-bottom:0px;\">\n\t<p><input class=\"wpcf7-form-control wpcf7-submit has-spinner\" type=\"submit\" value=\"Contact\" \/>\n\t<\/p>\n<\/div><p style=\"display: none !important;\" class=\"akismet-fields-container\" data-prefix=\"_wpcf7_ak_\"><label>&#916;<textarea name=\"_wpcf7_ak_hp_textarea\" cols=\"45\" rows=\"8\" maxlength=\"100\"><\/textarea><\/label><input type=\"hidden\" id=\"ak_js_1\" name=\"_wpcf7_ak_js\" value=\"191\"\/><script>document.getElementById( \"ak_js_1\" ).setAttribute( \"value\", ( new Date() ).getTime() );<\/script><\/p><div class=\"wpcf7-response-output\" aria-hidden=\"true\"><\/div>\n<\/form>\n<\/div>\n\n\t\t<\/div>\t\t\t\t<\/div>\n\t\t\t\t<\/div>\n\t\t\t\t\t<\/div>\n\t\t<\/div>\n\t\t\t\t\t<\/div>\n\t\t<\/section>\n\t\t\t\t<section class=\"elementor-section elementor-top-section elementor-element elementor-element-7515a732 elementor-section-stretched elementor-section-full_width elementor-section-height-default elementor-section-height-default\" data-id=\"7515a732\" data-element_type=\"section\" data-settings=\"{&quot;stretch_section&quot;:&quot;section-stretched&quot;,&quot;ekit_has_onepagescroll_dot&quot;:&quot;yes&quot;}\">\n\t\t\t\t\t\t<div class=\"elementor-container elementor-column-gap-default\">\n\t\t\t\t\t<div class=\"elementor-column elementor-col-100 elementor-top-column elementor-element elementor-element-2293d129\" data-id=\"2293d129\" data-element_type=\"column\">\n\t\t\t<div class=\"elementor-widget-wrap elementor-element-populated\">\n\t\t\t\t\t\t<div class=\"elementor-element elementor-element-162fce53 elementor-widget elementor-widget-google_maps\" data-id=\"162fce53\" data-element_type=\"widget\" data-settings=\"{&quot;ekit_we_effect_on&quot;:&quot;none&quot;}\" data-widget_type=\"google_maps.default\">\n\t\t\t\t<div class=\"elementor-widget-container\">\n\t\t\t\t\t\t\t<div class=\"elementor-custom-embed\">\n\t\t\t<iframe loading=\"lazy\"\n\t\t\t\t\tsrc=\"https:\/\/maps.google.com\/maps?q=Av.%20Los%20Tules%20158%2C%20Col.%20D%C3%ADaz%20Ordaz&#038;t=m&#038;z=15&#038;output=embed&#038;iwloc=near\"\n\t\t\t\t\ttitle=\"Av. Los Tules 158, Col. D\u00edaz Ordaz\"\n\t\t\t\t\taria-label=\"Av. Los Tules 158, Col. D\u00edaz Ordaz\"\n\t\t\t><\/iframe>\n\t\t<\/div>\n\t\t\t\t\t\t<\/div>\n\t\t\t\t<\/div>\n\t\t\t\t\t<\/div>\n\t\t<\/div>\n\t\t\t\t\t<\/div>\n\t\t<\/section>\n\t\t\t\t<section class=\"elementor-section elementor-top-section elementor-element elementor-element-7715a7e3 elementor-section-full_width elementor-section-height-default elementor-section-height-default\" data-id=\"7715a7e3\" data-element_type=\"section\" data-settings=\"{&quot;ekit_has_onepagescroll_dot&quot;:&quot;yes&quot;}\">\n\t\t\t\t\t\t<div class=\"elementor-container elementor-column-gap-default\">\n\t\t\t\t\t<div class=\"elementor-column elementor-col-33 elementor-top-column elementor-element elementor-element-374c7d0\" data-id=\"374c7d0\" data-element_type=\"column\">\n\t\t\t<div class=\"elementor-widget-wrap\">\n\t\t\t\t\t\t\t<\/div>\n\t\t<\/div>\n\t\t\t\t<div class=\"elementor-column elementor-col-33 elementor-top-column elementor-element elementor-element-fcfd928\" data-id=\"fcfd928\" data-element_type=\"column\">\n\t\t\t<div class=\"elementor-widget-wrap\">\n\t\t\t\t\t\t\t<\/div>\n\t\t<\/div>\n\t\t\t\t<div class=\"elementor-column elementor-col-33 elementor-top-column elementor-element elementor-element-345a2c7d\" data-id=\"345a2c7d\" data-element_type=\"column\" data-settings=\"{&quot;background_background&quot;:&quot;gradient&quot;}\">\n\t\t\t<div class=\"elementor-widget-wrap elementor-element-populated\">\n\t\t\t\t\t<div class=\"elementor-background-overlay\"><\/div>\n\t\t\t\t\t\t<div class=\"elementor-element elementor-element-47c7d5c8 elementor-widget elementor-widget-heading\" data-id=\"47c7d5c8\" data-element_type=\"widget\" data-settings=\"{&quot;ekit_we_effect_on&quot;:&quot;none&quot;}\" data-widget_type=\"heading.default\">\n\t\t\t\t<div class=\"elementor-widget-container\">\n\t\t\t\t\t<h3 class=\"elementor-heading-title elementor-size-default\">Address<\/h3>\t\t\t\t<\/div>\n\t\t\t\t<\/div>\n\t\t\t\t<div class=\"elementor-element elementor-element-3fbc1e9b elementor-tablet-align-left elementor-icon-list--layout-traditional elementor-list-item-link-full_width elementor-widget elementor-widget-icon-list\" data-id=\"3fbc1e9b\" data-element_type=\"widget\" data-settings=\"{&quot;ekit_we_effect_on&quot;:&quot;none&quot;}\" data-widget_type=\"icon-list.default\">\n\t\t\t\t<div class=\"elementor-widget-container\">\n\t\t\t\t\t\t\t<ul class=\"elementor-icon-list-items\">\n\t\t\t\t\t\t\t<li class=\"elementor-icon-list-item\">\n\t\t\t\t\t\t\t\t\t\t\t<span class=\"elementor-icon-list-icon\">\n\t\t\t\t\t\t\t<i aria-hidden=\"true\" class=\"fas fa-map-pin\"><\/i>\t\t\t\t\t\t<\/span>\n\t\t\t\t\t\t\t\t\t\t<span class=\"elementor-icon-list-text\">Av. Los Tules 158, Col. D\u00edaz Ordaz  Puerto Vallarta<\/span>\n\t\t\t\t\t\t\t\t\t<\/li>\n\t\t\t\t\t\t<\/ul>\n\t\t\t\t\t\t<\/div>\n\t\t\t\t<\/div>\n\t\t\t\t\t<\/div>\n\t\t<\/div>\n\t\t\t\t\t<\/div>\n\t\t<\/section>\n\t\t\t\t<\/div>\n\t\t","protected":false},"excerpt":{"rendered":"<p>Contact CONTACT US Phones (322) 222 2517 (322) 225 8205 We will contact you as soon as possible Address Av. Los Tules 158, Col. D\u00edaz Ordaz Puerto Vallarta<\/p>\n","protected":false},"author":1,"featured_media":0,"parent":0,"menu_order":0,"comment_status":"closed","ping_status":"closed","template":"","meta":{"footnotes":""},"class_list":["post-14452","page","type-page","status-publish","hentry"],"yoast_head":"<!-- This site is optimized with the Yoast SEO plugin v26.4 - https:\/\/yoast.com\/wordpress\/plugins\/seo\/ -->\n<title>Contact | DermaHealth<\/title>\n<meta name=\"description\" content=\"Dermat\u00f3loga certificada con estudios en la Universidad Aut\u00f3noma de Nuevo Le\u00f3n, Universidad de Heidelberg en Alemania y la Cleveland Clinic en E.U.A\" \/>\n<meta name=\"robots\" content=\"index, follow, max-snippet:-1, max-image-preview:large, max-video-preview:-1\" \/>\n<link rel=\"canonical\" href=\"https:\/\/dermahealth.mx\/en\/contact\/\" \/>\n<meta property=\"og:locale\" content=\"en_US\" \/>\n<meta property=\"og:type\" content=\"article\" \/>\n<meta property=\"og:title\" content=\"Contact | DermaHealth\" \/>\n<meta property=\"og:description\" content=\"Dermat\u00f3loga certificada con estudios en la Universidad Aut\u00f3noma de Nuevo Le\u00f3n, Universidad de Heidelberg en Alemania y la Cleveland Clinic en E.U.A\" \/>\n<meta property=\"og:url\" content=\"https:\/\/dermahealth.mx\/en\/contact\/\" \/>\n<meta property=\"og:site_name\" content=\"DermaHealth\" \/>\n<meta property=\"article:publisher\" content=\"https:\/\/www.facebook.com\/dermahealthpv\" \/>\n<meta property=\"article:modified_time\" content=\"2023-05-04T05:57:53+00:00\" \/>\n<meta property=\"og:image\" content=\"https:\/\/dermahealth.mx\/wp-content\/uploads\/2023\/05\/share-redes-derma-health.jpg\" \/>\n\t<meta property=\"og:image:width\" content=\"1200\" \/>\n\t<meta property=\"og:image:height\" content=\"675\" \/>\n\t<meta property=\"og:image:type\" content=\"image\/jpeg\" \/>\n<meta name=\"twitter:card\" content=\"summary_large_image\" \/>\n<meta name=\"twitter:label1\" content=\"Est. reading time\" \/>\n\t<meta name=\"twitter:data1\" content=\"1 minute\" \/>\n<script type=\"application\/ld+json\" class=\"yoast-schema-graph\">{\"@context\":\"https:\/\/schema.org\",\"@graph\":[{\"@type\":\"WebPage\",\"@id\":\"https:\/\/dermahealth.mx\/en\/contact\/\",\"url\":\"https:\/\/dermahealth.mx\/en\/contact\/\",\"name\":\"Contact | DermaHealth\",\"isPartOf\":{\"@id\":\"https:\/\/dermahealth.mx\/#website\"},\"datePublished\":\"2021-03-30T16:06:02+00:00\",\"dateModified\":\"2023-05-04T05:57:53+00:00\",\"description\":\"Dermat\u00f3loga certificada con estudios en la Universidad Aut\u00f3noma de Nuevo Le\u00f3n, Universidad de Heidelberg en Alemania y la Cleveland Clinic en E.U.A\",\"breadcrumb\":{\"@id\":\"https:\/\/dermahealth.mx\/en\/contact\/#breadcrumb\"},\"inLanguage\":\"en-US\",\"potentialAction\":[{\"@type\":\"ReadAction\",\"target\":[\"https:\/\/dermahealth.mx\/en\/contact\/\"]}]},{\"@type\":\"BreadcrumbList\",\"@id\":\"https:\/\/dermahealth.mx\/en\/contact\/#breadcrumb\",\"itemListElement\":[{\"@type\":\"ListItem\",\"position\":1,\"name\":\"Inicio\",\"item\":\"https:\/\/dermahealth.mx\/en\/\"},{\"@type\":\"ListItem\",\"position\":2,\"name\":\"Contact\"}]},{\"@type\":\"WebSite\",\"@id\":\"https:\/\/dermahealth.mx\/#website\",\"url\":\"https:\/\/dermahealth.mx\/\",\"name\":\"DermaHealth Cl\u00ednica\",\"description\":\"\",\"publisher\":{\"@id\":\"https:\/\/dermahealth.mx\/#organization\"},\"alternateName\":\"DermaHealth Cl\u00ednica\",\"potentialAction\":[{\"@type\":\"SearchAction\",\"target\":{\"@type\":\"EntryPoint\",\"urlTemplate\":\"https:\/\/dermahealth.mx\/?s={search_term_string}\"},\"query-input\":{\"@type\":\"PropertyValueSpecification\",\"valueRequired\":true,\"valueName\":\"search_term_string\"}}],\"inLanguage\":\"en-US\"},{\"@type\":[\"Organization\",\"Place\"],\"@id\":\"https:\/\/dermahealth.mx\/#organization\",\"name\":\"DermaHealth Cl\u00ednica\",\"alternateName\":\"DermaHealth Cl\u00ednica\",\"url\":\"https:\/\/dermahealth.mx\/\",\"logo\":{\"@id\":\"https:\/\/dermahealth.mx\/en\/contact\/#local-main-organization-logo\"},\"image\":{\"@id\":\"https:\/\/dermahealth.mx\/en\/contact\/#local-main-organization-logo\"},\"sameAs\":[\"https:\/\/www.facebook.com\/dermahealthpv\",\"https:\/\/www.instagram.com\/dermahealthpv\/\"],\"address\":{\"@id\":\"https:\/\/dermahealth.mx\/en\/contact\/#local-main-place-address\"},\"geo\":{\"@type\":\"GeoCoordinates\",\"latitude\":\"20.6414857\",\"longitude\":\"-105.23150615\"},\"telephone\":[\"322 222 2517\"],\"openingHoursSpecification\":[{\"@type\":\"OpeningHoursSpecification\",\"dayOfWeek\":[\"Monday\",\"Tuesday\",\"Wednesday\",\"Thursday\",\"Friday\"],\"opens\":\"09:00\",\"closes\":\"20:00\"},{\"@type\":\"OpeningHoursSpecification\",\"dayOfWeek\":[\"Saturday\"],\"opens\":\"09:00\",\"closes\":\"14:00\"},{\"@type\":\"OpeningHoursSpecification\",\"dayOfWeek\":[\"Sunday\"],\"opens\":\"00:00\",\"closes\":\"00:00\"}]},{\"@type\":\"PostalAddress\",\"@id\":\"https:\/\/dermahealth.mx\/en\/contact\/#local-main-place-address\",\"streetAddress\":\"Av. Los Tules 158, Col. D\u00edaz Ordaz\",\"addressLocality\":\"Puerto Vallarta\",\"postalCode\":\"48310\",\"addressRegion\":\"Jalisco\",\"addressCountry\":\"MX\"},{\"@type\":\"ImageObject\",\"inLanguage\":\"en-US\",\"@id\":\"https:\/\/dermahealth.mx\/en\/contact\/#local-main-organization-logo\",\"url\":\"https:\/\/dermahealth.mx\/wp-content\/uploads\/2023\/04\/derma-health-logo-color.svg\",\"contentUrl\":\"https:\/\/dermahealth.mx\/wp-content\/uploads\/2023\/04\/derma-health-logo-color.svg\",\"width\":564,\"height\":143,\"caption\":\"DermaHealth Cl\u00ednica\"}]}<\/script>\n<meta name=\"geo.placename\" content=\"Puerto Vallarta\" \/>\n<meta name=\"geo.position\" content=\"20.6414857;-105.23150615\" \/>\n<meta name=\"geo.region\" content=\"Mexico\" \/>\n<!-- \/ Yoast SEO plugin. -->","yoast_head_json":{"title":"Contact | DermaHealth","description":"Dermat\u00f3loga certificada con estudios en la Universidad Aut\u00f3noma de Nuevo Le\u00f3n, Universidad de Heidelberg en Alemania y la Cleveland Clinic en E.U.A","robots":{"index":"index","follow":"follow","max-snippet":"max-snippet:-1","max-image-preview":"max-image-preview:large","max-video-preview":"max-video-preview:-1"},"canonical":"https:\/\/dermahealth.mx\/en\/contact\/","og_locale":"en_US","og_type":"article","og_title":"Contact | DermaHealth","og_description":"Dermat\u00f3loga certificada con estudios en la Universidad Aut\u00f3noma de Nuevo Le\u00f3n, Universidad de Heidelberg en Alemania y la Cleveland Clinic en E.U.A","og_url":"https:\/\/dermahealth.mx\/en\/contact\/","og_site_name":"DermaHealth","article_publisher":"https:\/\/www.facebook.com\/dermahealthpv","article_modified_time":"2023-05-04T05:57:53+00:00","og_image":[{"width":1200,"height":675,"url":"https:\/\/dermahealth.mx\/wp-content\/uploads\/2023\/05\/share-redes-derma-health.jpg","type":"image\/jpeg"}],"twitter_card":"summary_large_image","twitter_misc":{"Est. reading time":"1 minute"},"schema":{"@context":"https:\/\/schema.org","@graph":[{"@type":"WebPage","@id":"https:\/\/dermahealth.mx\/en\/contact\/","url":"https:\/\/dermahealth.mx\/en\/contact\/","name":"Contact | DermaHealth","isPartOf":{"@id":"https:\/\/dermahealth.mx\/#website"},"datePublished":"2021-03-30T16:06:02+00:00","dateModified":"2023-05-04T05:57:53+00:00","description":"Dermat\u00f3loga certificada con estudios en la Universidad Aut\u00f3noma de Nuevo Le\u00f3n, Universidad de Heidelberg en Alemania y la Cleveland Clinic en E.U.A","breadcrumb":{"@id":"https:\/\/dermahealth.mx\/en\/contact\/#breadcrumb"},"inLanguage":"en-US","potentialAction":[{"@type":"ReadAction","target":["https:\/\/dermahealth.mx\/en\/contact\/"]}]},{"@type":"BreadcrumbList","@id":"https:\/\/dermahealth.mx\/en\/contact\/#breadcrumb","itemListElement":[{"@type":"ListItem","position":1,"name":"Inicio","item":"https:\/\/dermahealth.mx\/en\/"},{"@type":"ListItem","position":2,"name":"Contact"}]},{"@type":"WebSite","@id":"https:\/\/dermahealth.mx\/#website","url":"https:\/\/dermahealth.mx\/","name":"DermaHealth Cl\u00ednica","description":"","publisher":{"@id":"https:\/\/dermahealth.mx\/#organization"},"alternateName":"DermaHealth Cl\u00ednica","potentialAction":[{"@type":"SearchAction","target":{"@type":"EntryPoint","urlTemplate":"https:\/\/dermahealth.mx\/?s={search_term_string}"},"query-input":{"@type":"PropertyValueSpecification","valueRequired":true,"valueName":"search_term_string"}}],"inLanguage":"en-US"},{"@type":["Organization","Place"],"@id":"https:\/\/dermahealth.mx\/#organization","name":"DermaHealth Cl\u00ednica","alternateName":"DermaHealth Cl\u00ednica","url":"https:\/\/dermahealth.mx\/","logo":{"@id":"https:\/\/dermahealth.mx\/en\/contact\/#local-main-organization-logo"},"image":{"@id":"https:\/\/dermahealth.mx\/en\/contact\/#local-main-organization-logo"},"sameAs":["https:\/\/www.facebook.com\/dermahealthpv","https:\/\/www.instagram.com\/dermahealthpv\/"],"address":{"@id":"https:\/\/dermahealth.mx\/en\/contact\/#local-main-place-address"},"geo":{"@type":"GeoCoordinates","latitude":"20.6414857","longitude":"-105.23150615"},"telephone":["322 222 2517"],"openingHoursSpecification":[{"@type":"OpeningHoursSpecification","dayOfWeek":["Monday","Tuesday","Wednesday","Thursday","Friday"],"opens":"09:00","closes":"20:00"},{"@type":"OpeningHoursSpecification","dayOfWeek":["Saturday"],"opens":"09:00","closes":"14:00"},{"@type":"OpeningHoursSpecification","dayOfWeek":["Sunday"],"opens":"00:00","closes":"00:00"}]},{"@type":"PostalAddress","@id":"https:\/\/dermahealth.mx\/en\/contact\/#local-main-place-address","streetAddress":"Av. Los Tules 158, Col. D\u00edaz Ordaz","addressLocality":"Puerto Vallarta","postalCode":"48310","addressRegion":"Jalisco","addressCountry":"MX"},{"@type":"ImageObject","inLanguage":"en-US","@id":"https:\/\/dermahealth.mx\/en\/contact\/#local-main-organization-logo","url":"https:\/\/dermahealth.mx\/wp-content\/uploads\/2023\/04\/derma-health-logo-color.svg","contentUrl":"https:\/\/dermahealth.mx\/wp-content\/uploads\/2023\/04\/derma-health-logo-color.svg","width":564,"height":143,"caption":"DermaHealth Cl\u00ednica"}]},"geo.placename":"Puerto Vallarta","geo.position":{"lat":"20.6414857","long":"-105.23150615"},"geo.region":"Mexico"},"_links":{"self":[{"href":"https:\/\/dermahealth.mx\/en\/wp-json\/wp\/v2\/pages\/14452","targetHints":{"allow":["GET"]}}],"collection":[{"href":"https:\/\/dermahealth.mx\/en\/wp-json\/wp\/v2\/pages"}],"about":[{"href":"https:\/\/dermahealth.mx\/en\/wp-json\/wp\/v2\/types\/page"}],"author":[{"embeddable":true,"href":"https:\/\/dermahealth.mx\/en\/wp-json\/wp\/v2\/users\/1"}],"replies":[{"embeddable":true,"href":"https:\/\/dermahealth.mx\/en\/wp-json\/wp\/v2\/comments?post=14452"}],"version-history":[{"count":7,"href":"https:\/\/dermahealth.mx\/en\/wp-json\/wp\/v2\/pages\/14452\/revisions"}],"predecessor-version":[{"id":14478,"href":"https:\/\/dermahealth.mx\/en\/wp-json\/wp\/v2\/pages\/14452\/revisions\/14478"}],"wp:attachment":[{"href":"https:\/\/dermahealth.mx\/en\/wp-json\/wp\/v2\/media?parent=14452"}],"curies":[{"name":"wp","href":"https:\/\/api.w.org\/{rel}","templated":true}]}}